{"id":897,"date":"2017-04-23T10:36:09","date_gmt":"2017-04-23T08:36:09","guid":{"rendered":"https:\/\/mathsolutions.it\/site\/?page_id=897"},"modified":"2018-05-22T16:25:23","modified_gmt":"2018-05-22T14:25:23","slug":"informativa-sulla-privacy","status":"publish","type":"page","link":"https:\/\/mathsolutions.it\/site\/informativa-sulla-privacy\/","title":{"rendered":"Informativa sulla Privacy"},"content":{"rendered":"<p><strong>D.Lgs. n. 196 del 30 giugno 2003<\/strong>. I dati personali sono raccolti da mathsolutions e trattati su supporti informatici e non verranno in nessun caso e a nessun titolo ceduti a terze societ\u00e0.<br \/>\nI dati personali non verranno utilizzati per l&#8217;invio di materiale pubblicitario, promozioni e simili, poich\u00e9 tale attivit\u00e0 dovr\u00e0 prevedere il consenso espresso del titolare dei dati.<\/p>\n<p>mathsolutions garantisce ai propri Clienti il rispetto della normativa in materia di trattamento dei dati personali, disciplinata dal codice della privacy di cui al <strong>DLgs. n. 196 del 30 giugno 2003<\/strong>. Titolare del trattamento dati \u00e8 Palestini Alberto.<\/p>\n<p><b>Diritti dell&#8217;utente<\/b><strong>\u00a0<\/strong><\/p>\n<p>Ai sensi del Regolamento europeo 679\/2016 (GDPR) e della normativa nazionale, l&#8217;Utente pu\u00f2, secondo le modalit\u00e0 e nei limiti previsti dalla vigente normativa, esercitare i seguenti diritti:<\/p>\n<p>&#8211; richiedere la conferma dell&#8217;esistenza di dati personali che lo riguardano (diritto di accesso);<br \/>\n&#8211; conoscerne l&#8217;origine;<br \/>\n&#8211; riceverne comunicazione intelligibile;<br \/>\n&#8211; avere informazioni circa la logica, le modalit\u00e0 e le finalit\u00e0 del trattamento;<br \/>\n&#8211; richiederne l&#8217;aggiornamento, la rettifica, l&#8217;integrazione, la cancellazione, la trasformazione in forma anonima, il blocco dei dati trattati in violazione di legge, ivi compresi quelli non pi\u00f9 necessari al perseguimento degli scopi per i quali sono stati raccolti;<br \/>\n&#8211; nei casi di trattamento basato su consenso, ricevere al solo costo dell\u2019eventuale supporto, i suoi dati forniti al titolare, in forma strutturata e leggibile da un elaboratore di dati e in un formato comunemente usato da un dispositivo elettronico;<br \/>\n&#8211; il diritto di presentare un reclamo all\u2019Autorit\u00e0 di controllo (Garante Privacy \u2013\u00a0<a href=\"https:\/\/www.garanteprivacy.it\/web\/guest\/home\/docweb\/-\/docweb-display\/docweb\/4535524\" target=\"_blank\" rel=\"noopener\">link alla pagina del Garante<\/a>);<br \/>\n&#8211; nonch\u00e9, pi\u00f9 in generale, esercitare tutti i diritti che gli sono riconosciuti dalle vigenti disposizioni di legge.<\/p>\n<p>Le richieste vanno rivolte al Titolare del trattamento.<\/p>\n<p>Nel caso in cui i dati siano trattati in base ai legittimi interessi sono comunque garantiti i diritti degli interessati al trattamento (tranne il diritto alla portabilit\u00e0 che non \u00e8 previsto dalle norme), in particolare il diritto di opposizione al trattamento che pu\u00f2 essere esercitato inviando una richiesta al titolare del trattamento.<\/p>\n<p><strong><span style=\"color: #000000;\">Sicurezza dei dati personali<\/span><\/strong><br \/>\nGli standard di sicurezza utilizzati da mathsolutions per rendere le tue informazioni personali riservate e confidenziali, inclusi &#8220;firewall&#8221; e la trasmissione di dati attraverso SSL (Secure Socket Layer), sono i pi\u00f9 elevati allo stato della tecnica. Inoltre, sono utilizzate tecniche specifiche per proteggere questi dati da accessi non autorizzati da parte di terzi. Sono, in ogni caso, garantite le misure minime di sicurezza indicate dal Codice Privacy e successive modificazioni.<\/p>\n","protected":false},"excerpt":{"rendered":"<p>D.Lgs. n. 196 del 30 giugno 2003. I dati personali sono raccolti da mathsolutions e trattati su supporti informatici e non verranno in nessun caso e a nessun titolo ceduti a terze societ\u00e0. I dati personali non verranno utilizzati per l&#8217;invio di materiale pubblicitario, promozioni e simili, poich\u00e9 tale attivit\u00e0 dovr\u00e0 prevedere il consenso espresso [&hellip;]<\/p>\n","protected":false},"author":1,"featured_media":0,"parent":0,"menu_order":0,"comment_status":"closed","ping_status":"closed","template":"","meta":{"jetpack_post_was_ever_published":false,"_glsr_average":0,"_glsr_ranking":0,"_glsr_reviews":0,"footnotes":""},"class_list":["post-897","page","type-page","status-publish","hentry"],"yoast_head":"<!-- This site is optimized with the Yoast SEO plugin v27.4 - https:\/\/yoast.com\/product\/yoast-seo-wordpress\/ -->\n<title>Informativa sulla Privacy - mathsolutions<\/title>\n<meta name=\"robots\" content=\"index, follow, max-snippet:-1, max-image-preview:large, max-video-preview:-1\" \/>\n<link rel=\"canonical\" href=\"https:\/\/mathsolutions.it\/site\/informativa-sulla-privacy\/\" \/>\n<meta property=\"og:locale\" content=\"it_IT\" \/>\n<meta property=\"og:type\" content=\"article\" \/>\n<meta property=\"og:title\" content=\"Informativa sulla Privacy - mathsolutions\" \/>\n<meta property=\"og:description\" content=\"D.Lgs. n. 196 del 30 giugno 2003. I dati personali sono raccolti da mathsolutions e trattati su supporti informatici e non verranno in nessun caso e a nessun titolo ceduti a terze societ\u00e0. I dati personali non verranno utilizzati per l&#8217;invio di materiale pubblicitario, promozioni e simili, poich\u00e9 tale attivit\u00e0 dovr\u00e0 prevedere il consenso espresso [&hellip;]\" \/>\n<meta property=\"og:url\" content=\"https:\/\/mathsolutions.it\/site\/informativa-sulla-privacy\/\" \/>\n<meta property=\"og:site_name\" content=\"mathsolutions\" \/>\n<meta property=\"article:publisher\" content=\"https:\/\/www.facebook.com\/mathsolutions.it\/\" \/>\n<meta property=\"article:modified_time\" content=\"2018-05-22T14:25:23+00:00\" \/>\n<meta name=\"twitter:card\" content=\"summary_large_image\" \/>\n<meta name=\"twitter:label1\" content=\"Tempo di lettura stimato\" \/>\n\t<meta name=\"twitter:data1\" content=\"2 minuti\" \/>\n<script type=\"application\/ld+json\" class=\"yoast-schema-graph\">{\"@context\":\"https:\\\/\\\/schema.org\",\"@graph\":[{\"@type\":\"WebPage\",\"@id\":\"https:\\\/\\\/mathsolutions.it\\\/site\\\/informativa-sulla-privacy\\\/\",\"url\":\"https:\\\/\\\/mathsolutions.it\\\/site\\\/informativa-sulla-privacy\\\/\",\"name\":\"Informativa sulla Privacy - mathsolutions\",\"isPartOf\":{\"@id\":\"https:\\\/\\\/mathsolutions.it\\\/site\\\/#website\"},\"datePublished\":\"2017-04-23T08:36:09+00:00\",\"dateModified\":\"2018-05-22T14:25:23+00:00\",\"breadcrumb\":{\"@id\":\"https:\\\/\\\/mathsolutions.it\\\/site\\\/informativa-sulla-privacy\\\/#breadcrumb\"},\"inLanguage\":\"it-IT\",\"potentialAction\":[{\"@type\":\"ReadAction\",\"target\":[\"https:\\\/\\\/mathsolutions.it\\\/site\\\/informativa-sulla-privacy\\\/\"]}]},{\"@type\":\"BreadcrumbList\",\"@id\":\"https:\\\/\\\/mathsolutions.it\\\/site\\\/informativa-sulla-privacy\\\/#breadcrumb\",\"itemListElement\":[{\"@type\":\"ListItem\",\"position\":1,\"name\":\"Home\",\"item\":\"https:\\\/\\\/mathsolutions.it\\\/site\\\/\"},{\"@type\":\"ListItem\",\"position\":2,\"name\":\"Informativa sulla Privacy\"}]},{\"@type\":\"WebSite\",\"@id\":\"https:\\\/\\\/mathsolutions.it\\\/site\\\/#website\",\"url\":\"https:\\\/\\\/mathsolutions.it\\\/site\\\/\",\"name\":\"mathsolutions\",\"description\":\"software for your business\",\"publisher\":{\"@id\":\"https:\\\/\\\/mathsolutions.it\\\/site\\\/#organization\"},\"potentialAction\":[{\"@type\":\"SearchAction\",\"target\":{\"@type\":\"EntryPoint\",\"urlTemplate\":\"https:\\\/\\\/mathsolutions.it\\\/site\\\/?s={search_term_string}\"},\"query-input\":{\"@type\":\"PropertyValueSpecification\",\"valueRequired\":true,\"valueName\":\"search_term_string\"}}],\"inLanguage\":\"it-IT\"},{\"@type\":\"Organization\",\"@id\":\"https:\\\/\\\/mathsolutions.it\\\/site\\\/#organization\",\"name\":\"mathsolutions\",\"url\":\"https:\\\/\\\/mathsolutions.it\\\/site\\\/\",\"logo\":{\"@type\":\"ImageObject\",\"inLanguage\":\"it-IT\",\"@id\":\"https:\\\/\\\/mathsolutions.it\\\/site\\\/#\\\/schema\\\/logo\\\/image\\\/\",\"url\":\"https:\\\/\\\/mathsolutions.it\\\/site\\\/wp-content\\\/uploads\\\/2016\\\/09\\\/logo-fatture.png\",\"contentUrl\":\"https:\\\/\\\/mathsolutions.it\\\/site\\\/wp-content\\\/uploads\\\/2016\\\/09\\\/logo-fatture.png\",\"width\":200,\"height\":100,\"caption\":\"mathsolutions\"},\"image\":{\"@id\":\"https:\\\/\\\/mathsolutions.it\\\/site\\\/#\\\/schema\\\/logo\\\/image\\\/\"},\"sameAs\":[\"https:\\\/\\\/www.facebook.com\\\/mathsolutions.it\\\/\",\"https:\\\/\\\/it.linkedin.com\\\/in\\\/alberto-palestini-114001a3\"]}]}<\/script>\n<!-- \/ Yoast SEO plugin. -->","yoast_head_json":{"title":"Informativa sulla Privacy - mathsolutions","robots":{"index":"index","follow":"follow","max-snippet":"max-snippet:-1","max-image-preview":"max-image-preview:large","max-video-preview":"max-video-preview:-1"},"canonical":"https:\/\/mathsolutions.it\/site\/informativa-sulla-privacy\/","og_locale":"it_IT","og_type":"article","og_title":"Informativa sulla Privacy - mathsolutions","og_description":"D.Lgs. n. 196 del 30 giugno 2003. I dati personali sono raccolti da mathsolutions e trattati su supporti informatici e non verranno in nessun caso e a nessun titolo ceduti a terze societ\u00e0. I dati personali non verranno utilizzati per l&#8217;invio di materiale pubblicitario, promozioni e simili, poich\u00e9 tale attivit\u00e0 dovr\u00e0 prevedere il consenso espresso [&hellip;]","og_url":"https:\/\/mathsolutions.it\/site\/informativa-sulla-privacy\/","og_site_name":"mathsolutions","article_publisher":"https:\/\/www.facebook.com\/mathsolutions.it\/","article_modified_time":"2018-05-22T14:25:23+00:00","twitter_card":"summary_large_image","twitter_misc":{"Tempo di lettura stimato":"2 minuti"},"schema":{"@context":"https:\/\/schema.org","@graph":[{"@type":"WebPage","@id":"https:\/\/mathsolutions.it\/site\/informativa-sulla-privacy\/","url":"https:\/\/mathsolutions.it\/site\/informativa-sulla-privacy\/","name":"Informativa sulla Privacy - mathsolutions","isPartOf":{"@id":"https:\/\/mathsolutions.it\/site\/#website"},"datePublished":"2017-04-23T08:36:09+00:00","dateModified":"2018-05-22T14:25:23+00:00","breadcrumb":{"@id":"https:\/\/mathsolutions.it\/site\/informativa-sulla-privacy\/#breadcrumb"},"inLanguage":"it-IT","potentialAction":[{"@type":"ReadAction","target":["https:\/\/mathsolutions.it\/site\/informativa-sulla-privacy\/"]}]},{"@type":"BreadcrumbList","@id":"https:\/\/mathsolutions.it\/site\/informativa-sulla-privacy\/#breadcrumb","itemListElement":[{"@type":"ListItem","position":1,"name":"Home","item":"https:\/\/mathsolutions.it\/site\/"},{"@type":"ListItem","position":2,"name":"Informativa sulla Privacy"}]},{"@type":"WebSite","@id":"https:\/\/mathsolutions.it\/site\/#website","url":"https:\/\/mathsolutions.it\/site\/","name":"mathsolutions","description":"software for your business","publisher":{"@id":"https:\/\/mathsolutions.it\/site\/#organization"},"potentialAction":[{"@type":"SearchAction","target":{"@type":"EntryPoint","urlTemplate":"https:\/\/mathsolutions.it\/site\/?s={search_term_string}"},"query-input":{"@type":"PropertyValueSpecification","valueRequired":true,"valueName":"search_term_string"}}],"inLanguage":"it-IT"},{"@type":"Organization","@id":"https:\/\/mathsolutions.it\/site\/#organization","name":"mathsolutions","url":"https:\/\/mathsolutions.it\/site\/","logo":{"@type":"ImageObject","inLanguage":"it-IT","@id":"https:\/\/mathsolutions.it\/site\/#\/schema\/logo\/image\/","url":"https:\/\/mathsolutions.it\/site\/wp-content\/uploads\/2016\/09\/logo-fatture.png","contentUrl":"https:\/\/mathsolutions.it\/site\/wp-content\/uploads\/2016\/09\/logo-fatture.png","width":200,"height":100,"caption":"mathsolutions"},"image":{"@id":"https:\/\/mathsolutions.it\/site\/#\/schema\/logo\/image\/"},"sameAs":["https:\/\/www.facebook.com\/mathsolutions.it\/","https:\/\/it.linkedin.com\/in\/alberto-palestini-114001a3"]}]}},"jetpack_sharing_enabled":true,"jetpack_shortlink":"https:\/\/wp.me\/PaNulR-et","_links":{"self":[{"href":"https:\/\/mathsolutions.it\/site\/wp-json\/wp\/v2\/pages\/897","targetHints":{"allow":["GET"]}}],"collection":[{"href":"https:\/\/mathsolutions.it\/site\/wp-json\/wp\/v2\/pages"}],"about":[{"href":"https:\/\/mathsolutions.it\/site\/wp-json\/wp\/v2\/types\/page"}],"author":[{"embeddable":true,"href":"https:\/\/mathsolutions.it\/site\/wp-json\/wp\/v2\/users\/1"}],"replies":[{"embeddable":true,"href":"https:\/\/mathsolutions.it\/site\/wp-json\/wp\/v2\/comments?post=897"}],"version-history":[{"count":0,"href":"https:\/\/mathsolutions.it\/site\/wp-json\/wp\/v2\/pages\/897\/revisions"}],"wp:attachment":[{"href":"https:\/\/mathsolutions.it\/site\/wp-json\/wp\/v2\/media?parent=897"}],"curies":[{"name":"wp","href":"https:\/\/api.w.org\/{rel}","templated":true}]}}